{"id":343,"date":"2019-07-26T11:00:58","date_gmt":"2019-07-26T14:00:58","guid":{"rendered":"https:\/\/dannybia.com\/winner\/?post_type=product&#038;p=343"},"modified":"2021-03-13T20:57:49","modified_gmt":"2021-03-13T23:57:49","slug":"jaqueta-corta-vento-i-feel-like-pablo-kanye-west-vinho","status":"publish","type":"product","link":"https:\/\/dannybia.com\/winner\/product\/jaqueta-corta-vento-i-feel-like-pablo-kanye-west-vinho\/","title":{"rendered":"Jaqueta (Corta Vento) I Feel Like Pablo (Kanye West) &#8211; Vinho"},"content":{"rendered":"<p><span style=\"color: #ff0000;\"><strong>Jaqueta (Corta Vento) I Feel Like Pablo (Kanye West) &#8211; Vinho<\/strong><\/span><br \/>\nProduto Importado de \u00d3tima Qualidade<br \/>\nTamanho: XXL seria um G no Brasil<br \/>\nO modelo das fotos (todas elas) tem 1,75 de altura e pesa 65kg.<br \/>\nAs fotos foram tiradas com e sem moletom para que tenha uma boa refer\u00eancia para poss\u00edveis combina\u00e7\u00f5es.<br \/>\nDevido se tratar de produtos importados o size\/tamanho pode dar alguma diferen\u00e7a comparada ao size\/tamanho Brasil, por este motivo informo acima altura e peso do &#8220;modelo&#8221; para base.<br \/>\nCor: Vinho<br \/>\nSem forro interno<br \/>\nModelo MASCULINO, mas pode ser usado FEMININO.<\/p>\n<h4><strong>de <del datetime=\"2019-08-11T16:57:42+00:00\">R$ 230,00<\/del> por apenas R$ 199,99 <span style=\"color: #ff0000;\">com Frete Gr\u00e1tis!<\/span><\/strong><\/h4>\n<p>Virtual Winner &#8211; A mais hype do Braza!<br \/>\nEncontre o que procura com seguran\u00e7a.<\/p>\n","protected":false},"excerpt":{"rendered":"<p><span style=\"color: #ff0000;\"><strong>Produto Importado de \u00d3tima Qualidade<\/strong><\/span><br \/>\nTamanho: XXL seria um G no Brasil<br \/>\nO modelo das fotos (todas elas) tem 1,75 de altura e pesa 65kg.<br \/>\nAs fotos foram tiradas com e sem moletom para que tenha uma boa refer\u00eancia para poss\u00edveis combina\u00e7\u00f5es.<br \/>\nDevido se tratar de produtos importados o size\/tamanho pode dar alguma diferen\u00e7a comparada ao size\/tamanho Brasil, por este motivo informo acima altura e peso do &#8220;modelo&#8221; para base.<br \/>\nCor: Vinho<br \/>\nSem forro interno<br \/>\nModelo MASCULINO e FEMININO.<\/p>\n<h4><strong><span style=\"color: #ff0000;\">Frete Gr\u00e1tis!<\/span><\/strong><\/h4>\n","protected":false},"featured_media":379,"comment_status":"open","ping_status":"closed","template":"","meta":[],"product_cat":[108,34,32,31],"product_tag":[114,20,117,74,118,111,115,21,85,119,18],"class_list":["post-343","product","type-product","status-publish","has-post-thumbnail","hentry","product_cat-blusas","product_cat-jaquetas","product_cat-vestuario-feminino","product_cat-vestuario-masculino","product_tag-blusa-importada","product_tag-corta-vento","product_tag-corta-vento-importada","product_tag-i-feel-like-pablo","product_tag-i-feel-like-pablo-importada","product_tag-importada","product_tag-jaqueta-importada","product_tag-jaquetas","product_tag-kanye-west","product_tag-kanye-west-importada","product_tag-moletons"],"_links":{"self":[{"href":"https:\/\/dannybia.com\/winner\/wp-json\/wp\/v2\/product\/343","targetHints":{"allow":["GET"]}}],"collection":[{"href":"https:\/\/dannybia.com\/winner\/wp-json\/wp\/v2\/product"}],"about":[{"href":"https:\/\/dannybia.com\/winner\/wp-json\/wp\/v2\/types\/product"}],"replies":[{"embeddable":true,"href":"https:\/\/dannybia.com\/winner\/wp-json\/wp\/v2\/comments?post=343"}],"wp:featuredmedia":[{"embeddable":true,"href":"https:\/\/dannybia.com\/winner\/wp-json\/wp\/v2\/media\/379"}],"wp:attachment":[{"href":"https:\/\/dannybia.com\/winner\/wp-json\/wp\/v2\/media?parent=343"}],"wp:term":[{"taxonomy":"product_cat","embeddable":true,"href":"https:\/\/dannybia.com\/winner\/wp-json\/wp\/v2\/product_cat?post=343"},{"taxonomy":"product_tag","embeddable":true,"href":"https:\/\/dannybia.com\/winner\/wp-json\/wp\/v2\/product_tag?post=343"}],"curies":[{"name":"wp","href":"https:\/\/api.w.org\/{rel}","templated":true}]}}