{"id":310,"date":"2017-09-19T11:39:31","date_gmt":"2017-09-19T14:39:31","guid":{"rendered":"https:\/\/dannybia.com\/winner\/?post_type=product&#038;p=310"},"modified":"2022-03-02T20:06:09","modified_gmt":"2022-03-02T23:06:09","slug":"jaqueta-corta-vento-anti-social-social-club-rosa","status":"publish","type":"product","link":"https:\/\/dannybia.com\/winner\/product\/jaqueta-corta-vento-anti-social-social-club-rosa\/","title":{"rendered":"Jaqueta (corta vento) Anti Social Social Club &#8211; Rosa"},"content":{"rendered":"<p><span style=\"color: #ff0000;\"><strong>Jaqueta de bot\u00e3o (Corta Vento) Anti Social Social Club &#8211; Rosa<\/strong><\/span><br \/>\nTamanho: XL seria um G no Brasil<br \/>\nCor: Rosa<br \/>\nCom forro interno<br \/>\nPE\u00c7A \u00daNICA<br \/>\nModelo MASCULINO, mas pode ser usado FEMININO.<\/p>\n<p>Virtual Winner &#8211; A mais hype do Braza!<br \/>\nEncontre o que procura com seguran\u00e7a.<\/p>\n","protected":false},"excerpt":{"rendered":"<p>Jaqueta de bot\u00e3o (Corta Vento) Anti Social Social Club &#8211; Rosa Tamanho: XL seria um G no Brasil Cor: Rosa Com forro interno PE\u00c7A \u00daNICA Modelo MASCULINO, mas pode ser usado FEMININO. Virtual Winner &#8211; A mais hype do Braza! Encontre o que procura com seguran\u00e7a.<\/p>\n","protected":false},"featured_media":312,"comment_status":"open","ping_status":"closed","template":"","meta":[],"product_cat":[34,32,31],"product_tag":[72,20,21,18,73],"class_list":["post-310","product","type-product","status-publish","has-post-thumbnail","hentry","product_cat-jaquetas","product_cat-vestuario-feminino","product_cat-vestuario-masculino","product_tag-anti-social","product_tag-corta-vento","product_tag-jaquetas","product_tag-moletons","product_tag-social-club"],"_links":{"self":[{"href":"https:\/\/dannybia.com\/winner\/wp-json\/wp\/v2\/product\/310","targetHints":{"allow":["GET"]}}],"collection":[{"href":"https:\/\/dannybia.com\/winner\/wp-json\/wp\/v2\/product"}],"about":[{"href":"https:\/\/dannybia.com\/winner\/wp-json\/wp\/v2\/types\/product"}],"replies":[{"embeddable":true,"href":"https:\/\/dannybia.com\/winner\/wp-json\/wp\/v2\/comments?post=310"}],"wp:featuredmedia":[{"embeddable":true,"href":"https:\/\/dannybia.com\/winner\/wp-json\/wp\/v2\/media\/312"}],"wp:attachment":[{"href":"https:\/\/dannybia.com\/winner\/wp-json\/wp\/v2\/media?parent=310"}],"wp:term":[{"taxonomy":"product_cat","embeddable":true,"href":"https:\/\/dannybia.com\/winner\/wp-json\/wp\/v2\/product_cat?post=310"},{"taxonomy":"product_tag","embeddable":true,"href":"https:\/\/dannybia.com\/winner\/wp-json\/wp\/v2\/product_tag?post=310"}],"curies":[{"name":"wp","href":"https:\/\/api.w.org\/{rel}","templated":true}]}}