{"id":1222,"date":"2022-08-27T09:35:17","date_gmt":"2022-08-27T12:35:17","guid":{"rendered":"https:\/\/dannybia.com\/winner\/?post_type=product&#038;p=1222"},"modified":"2023-10-21T19:40:38","modified_gmt":"2023-10-21T22:40:38","slug":"jaqueta-corta-vento-camuflada-laranja","status":"publish","type":"product","link":"https:\/\/dannybia.com\/winner\/product\/jaqueta-corta-vento-camuflada-laranja\/","title":{"rendered":"Jaqueta Corta Vento Camuflada &#8211; Laranja"},"content":{"rendered":"<p><span style=\"color: #ff0000;\"><strong>Jaqueta Corta Vento Camuflada &#8211; Laranja<\/strong><\/span><br \/>\nProduto Importado de \u00d3tima Qualidade<br \/>\nTamanho: XXL &#8211; seria um G para GG no Brasil<br \/>\nO modelo das fotos (todas elas) tem 1,75 de altura e pesa 65kg.<br \/>\nAs fotos foram tiradas com e sem moletom para que tenha uma boa refer\u00eancia para poss\u00edveis combina\u00e7\u00f5es.<br \/>\nDevido se tratar de produtos importados o size\/tamanho pode dar alguma diferen\u00e7a comparada ao size\/tamanho Brasil, por este motivo informo acima altura e peso do &#8220;modelo&#8221; para base.<br \/>\nCor: Laranja<br \/>\nModelo MASCULINO, mas pode ser usado FEMININO.<\/p>\n<h4><strong>de <del datetime=\"2019-08-11T16:57:42+00:00\">R$ 420,00<\/del> por apenas R$ 379,99 <span style=\"color: #ff0000;\">com Frete Gr\u00e1tis!<\/span><\/strong><\/h4>\n<p>Virtual Winner &#8211; A mais hype do Braza!<br \/>\nEncontre o que procura com seguran\u00e7a.<\/p>\n","protected":false},"excerpt":{"rendered":"<p><em><span style=\"color: #ff0000;\"><strong>D\u00favida? Compra? Desconto?<\/strong><\/span> Chame tamb\u00e9m no <a href=\"https:\/\/api.whatsapp.com\/send?phone=551198679-1663&amp;text=D\u00favida sobre o produto? Quer Negociar um Desconto? Quer Comprar?\" target=\"_blank\" rel=\"noopener noreferrer\">Whats<\/a> <a href=\"https:\/\/api.whatsapp.com\/send?phone=551198679-1663&amp;text=D\u00favida sobre o produto? Quer Negociar um Desconto? Quer Comprar?\" target=\"_blank\" rel=\"noopener noreferrer\"><img loading=\"lazy\" decoding=\"async\" class=\"alignnone wp-image-1933 size-full\" title=\"WhatsApp 11 9 8679-1663 - D\u00favida? Desconto? Compra?\" src=\"https:\/\/dannybia.com\/blog\/wp-content\/uploads\/2020\/03\/whatsapp-doterra.png\" alt=\"WhatsApp 11 9 8679-1663 - D\u00favida? Desconto? Compra?\" width=\"23\" height=\"23\" \/><\/a><\/em><\/p>\n<p><span style=\"color: #ff0000;\"><strong>Produto Importado de \u00d3tima Qualidade<\/strong><\/span><br \/>\nTamanho: XXL &#8211; seria um G para GG no Brasil<br \/>\nO modelo das fotos (todas elas) tem 1,75 de altura e pesa 65kg.<br \/>\nAs fotos foram tiradas com e sem moletom para que tenha uma boa refer\u00eancia para poss\u00edveis combina\u00e7\u00f5es.<br \/>\nDevido se tratar de produtos importados o size\/tamanho pode dar alguma diferen\u00e7a comparada ao size\/tamanho Brasil, por este motivo informo acima altura e peso do &#8220;modelo&#8221; para base.<br \/>\nCor: Laranja<br \/>\nModelo MASCULINO e FEMININO.<\/p>\n<h4><strong><span style=\"color: #ff0000;\">Frete Gr\u00e1tis!<\/span><\/strong><\/h4>\n","protected":false},"featured_media":1157,"comment_status":"open","ping_status":"closed","template":"","meta":[],"product_cat":[108,34,32,31],"product_tag":[114,109,222,223,111,224,220,221,225],"class_list":["post-1222","product","type-product","status-publish","has-post-thumbnail","hentry","product_cat-blusas","product_cat-jaquetas","product_cat-vestuario-feminino","product_cat-vestuario-masculino","product_tag-blusa-importada","product_tag-blusas","product_tag-corta-vento-camuflada","product_tag-corta-vento-camuflada-importada","product_tag-importada","product_tag-jaqueta-corta-vento","product_tag-jaqueta-corta-vento-camuflada","product_tag-jaqueta-corta-vento-camuflada-importada","product_tag-jaqueta-corta-vento-importada"],"_links":{"self":[{"href":"https:\/\/dannybia.com\/winner\/wp-json\/wp\/v2\/product\/1222","targetHints":{"allow":["GET"]}}],"collection":[{"href":"https:\/\/dannybia.com\/winner\/wp-json\/wp\/v2\/product"}],"about":[{"href":"https:\/\/dannybia.com\/winner\/wp-json\/wp\/v2\/types\/product"}],"replies":[{"embeddable":true,"href":"https:\/\/dannybia.com\/winner\/wp-json\/wp\/v2\/comments?post=1222"}],"wp:featuredmedia":[{"embeddable":true,"href":"https:\/\/dannybia.com\/winner\/wp-json\/wp\/v2\/media\/1157"}],"wp:attachment":[{"href":"https:\/\/dannybia.com\/winner\/wp-json\/wp\/v2\/media?parent=1222"}],"wp:term":[{"taxonomy":"product_cat","embeddable":true,"href":"https:\/\/dannybia.com\/winner\/wp-json\/wp\/v2\/product_cat?post=1222"},{"taxonomy":"product_tag","embeddable":true,"href":"https:\/\/dannybia.com\/winner\/wp-json\/wp\/v2\/product_tag?post=1222"}],"curies":[{"name":"wp","href":"https:\/\/api.w.org\/{rel}","templated":true}]}}