{"id":1078,"date":"2019-07-28T17:01:54","date_gmt":"2019-07-28T20:01:54","guid":{"rendered":"https:\/\/dannybia.com\/winner\/?post_type=product&#038;p=1078"},"modified":"2022-03-02T20:26:49","modified_gmt":"2022-03-02T23:26:49","slug":"jaqueta-bomber-flaster-preta","status":"publish","type":"product","link":"https:\/\/dannybia.com\/winner\/product\/jaqueta-bomber-flaster-preta\/","title":{"rendered":"Jaqueta Bomber Flaster &#8211; Preta"},"content":{"rendered":"<p><span style=\"color: #ff0000;\"><strong>Jaqueta Bomber Flaster &#8211; Preta<\/strong><\/span><br \/>\nProduto Importado de \u00d3tima Qualidade<br \/>\nTamanho: XXL &#8211; seria um G no Brasil<br \/>\nO modelo das fotos (todas elas) tem 1,75 de altura e pesa 65kg.<br \/>\nAs fotos foram tiradas com e sem moletom para que tenha uma boa refer\u00eancia para poss\u00edveis combina\u00e7\u00f5es.<br \/>\nDevido se tratar de produtos importados o size\/tamanho pode dar alguma diferen\u00e7a comparada ao size\/tamanho Brasil, por este motivo informo acima altura e peso do &#8220;modelo&#8221; para base.<br \/>\nCor: Preta<br \/>\nModelo MASCULINO, mas pode ser usado FEMININO.<\/p>\n<h4><strong>de <del datetime=\"2019-08-11T16:57:42+00:00\">R$ 360,00<\/del> por apenas R$ 329,99 <span style=\"color: #ff0000;\">com Frete Gr\u00e1tis!<\/span><\/strong><\/h4>\n<p>Virtual Winner &#8211; A mais hype do Braza!<br \/>\nEncontre o que procura com seguran\u00e7a.<\/p>\n","protected":false},"excerpt":{"rendered":"<p><span style=\"color: #ff0000;\"><strong>Produto Importado de \u00d3tima Qualidade<\/strong><\/span><br \/>\nTamanho: XXL &#8211; seria um G no Brasil<br \/>\nO modelo das fotos (todas elas) tem 1,75 de altura e pesa 65kg.<br \/>\nAs fotos foram tiradas com e sem moletom para que tenha uma boa refer\u00eancia para poss\u00edveis combina\u00e7\u00f5es.<br \/>\nDevido se tratar de produtos importados o size\/tamanho pode dar alguma diferen\u00e7a comparada ao size\/tamanho Brasil, por este motivo informo acima altura e peso do &#8220;modelo&#8221; para base.<br \/>\nCor: Preta<br \/>\nModelo MASCULINO e FEMININO.<\/p>\n<h4><strong><span style=\"color: #ff0000;\">Frete Gr\u00e1tis!<\/span><\/strong><\/h4>\n","protected":false},"featured_media":1073,"comment_status":"open","ping_status":"closed","template":"","meta":[],"product_cat":[108,34,32,31],"product_tag":[152,153,114,68,151,148,111,115,21,18],"class_list":["post-1078","product","type-product","status-publish","has-post-thumbnail","hentry","product_cat-blusas","product_cat-jaquetas","product_cat-vestuario-feminino","product_cat-vestuario-masculino","product_tag-anarchystate","product_tag-anarchystate-importada","product_tag-blusa-importada","product_tag-bomber","product_tag-bomber-anarchystate","product_tag-childhood","product_tag-importada","product_tag-jaqueta-importada","product_tag-jaquetas","product_tag-moletons"],"_links":{"self":[{"href":"https:\/\/dannybia.com\/winner\/wp-json\/wp\/v2\/product\/1078","targetHints":{"allow":["GET"]}}],"collection":[{"href":"https:\/\/dannybia.com\/winner\/wp-json\/wp\/v2\/product"}],"about":[{"href":"https:\/\/dannybia.com\/winner\/wp-json\/wp\/v2\/types\/product"}],"replies":[{"embeddable":true,"href":"https:\/\/dannybia.com\/winner\/wp-json\/wp\/v2\/comments?post=1078"}],"wp:featuredmedia":[{"embeddable":true,"href":"https:\/\/dannybia.com\/winner\/wp-json\/wp\/v2\/media\/1073"}],"wp:attachment":[{"href":"https:\/\/dannybia.com\/winner\/wp-json\/wp\/v2\/media?parent=1078"}],"wp:term":[{"taxonomy":"product_cat","embeddable":true,"href":"https:\/\/dannybia.com\/winner\/wp-json\/wp\/v2\/product_cat?post=1078"},{"taxonomy":"product_tag","embeddable":true,"href":"https:\/\/dannybia.com\/winner\/wp-json\/wp\/v2\/product_tag?post=1078"}],"curies":[{"name":"wp","href":"https:\/\/api.w.org\/{rel}","templated":true}]}}