{"id":3,"date":"2021-02-02T12:57:58","date_gmt":"2021-02-02T12:57:58","guid":{"rendered":"https:\/\/dannybia.com\/dannys\/?page_id=3"},"modified":"2025-11-01T16:50:10","modified_gmt":"2025-11-01T19:50:10","slug":"politica-de-privacidade","status":"publish","type":"page","link":"https:\/\/dannybia.com\/dannys\/politica-de-privacidade\/","title":{"rendered":"Politica de Privacidade"},"content":{"rendered":"<h1>Pol\u00edtica de Privacidade<\/h1>\n<p align=\"justify\">Quando o usu\u00e1rio utiliza os servi\u00e7os Dannybia\u2122, est\u00e1 confiando a n\u00f3s suas informa\u00e7\u00f5es. Entendemos que isso \u00e9 uma grande responsabilidade e trabalhamos duro para proteg\u00ea-las. Dannybia\u2122 se preocupa com a privacidade e a seguran\u00e7a dos usu\u00e1rios. Temos o compromisso com a privacidade e a seguran\u00e7a de seus clientes durante todo o processo de navega\u00e7\u00e3o e compra pelo site\/loja\/blog. Os dados cadastrais dos clientes n\u00e3o s\u00e3o vendidos, trocados ou divulgados para terceiros, por isso temos medidas de qualidade para manter os dados dos nossos visitantes em completo sigilo. Esta Pol\u00edtica de Privacidade destina-se a ajudar voc\u00ea a entender quais informa\u00e7\u00f5es coletamos, por que as coletamos e como voc\u00ea pode atualizar, gerenciar, exportar e excluir essas informa\u00e7\u00f5es.<\/p>\n<h2>Quem Somos?<\/h2>\n<p align=\"justify\">O endere\u00e7o do nosso site\/blog \u00e9: (\u00a0<a href=\"https:\/\/dannybia.com\/blog\/\" target=\"_blank\" rel=\"noopener\">https:\/\/dannybia.com\/blog\/<\/a>\u00a0). Somos uma parceria. Dannybia\u2122 (\u00a0<a href=\"https:\/\/dannybia.com\/\" target=\"_blank\" rel=\"noopener\">https:\/\/dannybia.com\/<\/a> )\u00a0na \u00e1rea desde 2001;<\/p>\n<p align=\"justify\">Virtual Winner ( <a href=\"https:\/\/www.dannybia.com\/winner\/\" target=\"_blank\" rel=\"noopener\">https:\/\/www.dannybia.com\/winner\/<\/a> ) e a Loja Virtual Winner \u2013 A Mais Hype do Braza ( https:\/\/www.dannybia.com\/winner\/loja\/ ) na \u00e1rea desde 2013;<\/p>\n<h2>Quais s\u00e3o os dados pessoais coletamos e por que?<\/h2>\n<h2>Meios de comunica\u00e7\u00e3o (Media)<\/h2>\n<p align=\"justify\">Se voc\u00ea fizer upload de imagens para o site\/blog, evite enviar as que contenham dados de localiza\u00e7\u00e3o incorporados (EXIF GPS). Visitantes do site\/blog podem baixar estas imagens do site\/blog e extrair delas seus dados de localiza\u00e7\u00e3o.<\/p>\n<h2>Formul\u00e1rios de contato<\/h2>\n<p align=\"justify\">N\u00f3s comprometemos em n\u00e3o divulgar nenhuma informa\u00e7\u00e3o enviada atrav\u00e9s dos formul\u00e1rios de contato. Mantemos sobre absoluto sigilo os dados dos visitantes que entram em contato com Dannybia\u2122 atrav\u00e9s do formul\u00e1rio de Contato dispon\u00edvel no site\/blog, caso haja.<\/p>\n<h2>Informa\u00e7\u00f5es de contato<\/h2>\n<h3>Utilize os e-mails abaixo para se comunicar com:<\/h3>\n<p align=\"justify\"><a href=\"mailto:dannybia@dannybia.com\">dannybia@dannybia.com<\/a>: Dannybia\u2122.<br \/>\n<a href=\"mailto:winner@dannybia.com\">winner@dannybia.com<\/a>: Winner \u2013 Loja Virtual Winner.<br \/>\n<a href=\"mailto:danny@dannybia.com\">danny@dannybia.com<\/a>: Blog Dannybia.<\/p>\n<h2>Coment\u00e1rios<\/h2>\n<p align=\"justify\">Quando os visitantes deixam coment\u00e1rios no site\/blog, coletamos os dados exibidos no formul\u00e1rio de coment\u00e1rios, al\u00e9m do endere\u00e7o de IP e de dados do navegador do visitante, para auxiliar na detec\u00e7\u00e3o de spam.<\/p>\n<p align=\"justify\">Uma string anonimizada criada a partir do seu endere\u00e7o de e-mail (tamb\u00e9m chamado de hash) pode ser fornecida ao servi\u00e7o Gravatar para ver se voc\u00ea est\u00e1 usando. Ap\u00f3s a aprova\u00e7\u00e3o do seu coment\u00e1rio, a foto do seu perfil ficar\u00e1 vis\u00edvel para o p\u00fablico no contexto do seu coment\u00e1rio.<\/p>\n<h2>Cookies<\/h2>\n<p align=\"justify\">Se voc\u00ea deixar um coment\u00e1rio em nosso site\/blog, voc\u00ea pode optar por salvar seu nome, endere\u00e7o de e-mail e site\/bog em cookies. Estes s\u00e3o para sua conveni\u00eancia, para que voc\u00ea n\u00e3o precise preencher seus dados novamente quando deixar outro coment\u00e1rio. Esses cookies durar\u00e3o um ano.<\/p>\n<p align=\"justify\">Se voc\u00ea tiver uma conta e fizer login neste site\/blog, definiremos um cookie tempor\u00e1rio para determinar se seu navegador aceita cookies. Este cookie n\u00e3o cont\u00e9m dados pessoais e \u00e9 descartado quando voc\u00ea fecha o navegador.<\/p>\n<p align=\"justify\">Quando voc\u00ea fizer login, tamb\u00e9m configuraremos v\u00e1rios cookies para salvar suas informa\u00e7\u00f5es de login e suas op\u00e7\u00f5es de exibi\u00e7\u00e3o na tela. Os cookies de login duram dois dias e os cookies de op\u00e7\u00f5es de tela duram um ano. Se voc\u00ea selecionar \u201cLembrar de Mim\u201d, seu login persistir\u00e1 por duas semanas. Se voc\u00ea sair da sua conta, os cookies de login ser\u00e3o removidos.<\/p>\n<p align=\"justify\">Se voc\u00ea editar ou publicar um artigo, um cookie adicional ser\u00e1 salvo no seu navegador. Este cookie n\u00e3o inclui dados pessoais e simplesmente indica o ID do post que voc\u00ea acabou de editar. Expira ap\u00f3s 1 dia.<\/p>\n<h2>M\u00eddia incorporada de outros sites<\/h2>\n<p align=\"justify\">Artigos neste site\/blog podem incluir conte\u00fado incorporado como, por exemplo, v\u00eddeos, imagens, artigos, etc. Conte\u00fados incorporados de outros sites\/lojas\/blogs se comportam exatamente da mesma forma como se o visitante estivesse visitando o outro site\/loja\/blog.<\/p>\n<p align=\"justify\">Estes sites\/lojas\/blogs podem coletar dados sobre voc\u00ea, usar cookies, incorporar rastreamento adicionar de terceiros e monitorar sua intera\u00e7\u00e3o com este conte\u00fado incorporado, incluindo sua intera\u00e7\u00e3o com o conte\u00fado incorporado se voc\u00ea tem uma conta e est\u00e1 conectado com o site\/blog.<\/p>\n<h2>An\u00e1lises<\/h2>\n<p align=\"justify\">Os dados obtidos a partir das ferramentas de an\u00e1lises instaladas no site\/blog s\u00e3o utilizados para conhecer melhor o perfil dos usu\u00e1rios que acessam o site\/blog e atrav\u00e9s das an\u00e1lises a partir dessas informa\u00e7\u00f5es, s\u00e3o elaboradas estrat\u00e9gias para aperfei\u00e7oar a experi\u00eancia do usu\u00e1rio.<\/p>\n<h2>Com quem partilhamos seus dados?<\/h2>\n<p align=\"justify\">Todas as informa\u00e7\u00f5es coletadas atrav\u00e9s dos acessos do nosso site\/blog n\u00e3o s\u00e3o compartilhadas em nenhum canal. Portanto, toda a informa\u00e7\u00e3o \u00e9 mantida unicamente no banco de dados Dannybia\u2122.<\/p>\n<h2>Por quanto tempo mantemos os seus dados?<\/h2>\n<p align=\"justify\">Se voc\u00ea deixar um coment\u00e1rio, o coment\u00e1rio e os seus metadados s\u00e3o conservados indefinidamente. Fazemos isso para que seja poss\u00edvel reconhecer e aprovar automaticamente qualquer coment\u00e1rio posterior ao inv\u00e9s de ret\u00ea-lo para modera\u00e7\u00e3o.<\/p>\n<p align=\"justify\">Para usu\u00e1rios que se registram no nosso site\/blog (se houver), tamb\u00e9m guardamos as informa\u00e7\u00f5es pessoais que fornecem no seu perfil de usu\u00e1rio. Todos os usu\u00e1rios podem ver, editar ou excluir suas informa\u00e7\u00f5es pessoais a qualquer momento (s\u00f3 n\u00e3o \u00e9 poss\u00edvel alterar o seu username). Os administradores de sites\/lojas\/blogs tamb\u00e9m podem ver e editar estas informa\u00e7\u00f5es.<\/p>\n<h2>Quais os seus direitos sobre seus dados?<\/h2>\n<p align=\"justify\">Se voc\u00ea tiver uma conta neste site\/blog ou se tiver deixado coment\u00e1rios, podem solicitar um arquivo exportado dos dados pessoais que mantemos sobre voc\u00ea, inclusive quaisquer dados que nos tenha fornecido. Tamb\u00e9m pode solicitar que removamos qualquer dado pessoal que mantemos sobre voc\u00ea. Isto n\u00e3o inclui nenhuns dados que somos obrigados a manter para prop\u00f3sitos administrativos, legais ou de seguran\u00e7a.<\/p>\n<h2>Para onde enviamos seus dados?<\/h2>\n<p align=\"justify\">Coment\u00e1rios de visitantes podem ser marcados por um servi\u00e7o autom\u00e1tico de detec\u00e7\u00e3o de spam.<\/p>\n<p align=\"justify\">Os dados obtidos a partir das ferramentas de an\u00e1lises instaladas no site\/blog s\u00e3o utilizados para conhecer melhor o perfil dos usu\u00e1rios que acessam o site\/blog e atrav\u00e9s das an\u00e1lises a partir dessas informa\u00e7\u00f5es, s\u00e3o elaboradas estrat\u00e9gias para aperfei\u00e7oar a experi\u00eancia do usu\u00e1rio.<\/p>\n<div class='grid-row clearfix'><div class='grid-col grid-col-12'><section class='cws-widget'><section class='cws_widget_content'> \t<div class=\"testimonial \">\n\t\t<div class='clearfix'>\n\t\t\t<img src='https:\/\/dannybia.com\/dannys\/wp-content\/uploads\/bfi_thumb\/Jesus-130-93-3cmh6ny6pugic3cykq7hts.jpg' alt \/>\t\t\t\t<p>\n<p align=\"justify\">Honra ao Senhor com os teus bens, e com as prim\u00edcias de toda a tua renda; assim se encher\u00e3o de fartura os teus celeiros, e trasbordar\u00e3o de mosto os teus lagares.<\/p>\n<\/p>\t\t<\/div>\n\t\t<div class=\"author\">Prov\u00e9rbios 3:9-10<\/div>\t<\/div>\n\t <\/section><\/section><\/div><\/div>\n","protected":false},"excerpt":{"rendered":"<p>Pol\u00edtica de Privacidade Quando o usu\u00e1rio utiliza os servi\u00e7os Dannybia\u2122, est\u00e1 confiando a n\u00f3s suas informa\u00e7\u00f5es. Entendemos que isso \u00e9 uma grande responsabilidade e trabalhamos duro para proteg\u00ea-las. Dannybia\u2122 se preocupa com a privacidade e a seguran\u00e7a dos usu\u00e1rios. Temos o compromisso com a privacidade e a seguran\u00e7a de seus clientes durante todo o processo de navega\u00e7\u00e3o e compra pelo site\/loja\/blog. Os dados cadastrais dos clientes n\u00e3o s\u00e3o vendidos, trocados ou divulgados para terceiros, por isso temos medidas de qualidade para manter os dados dos nossos visitantes em completo sigilo. Esta Pol\u00edtica de Privacidade destina-se a ajudar voc\u00ea a entender quais informa\u00e7\u00f5es coletamos, por que as coletamos e como voc\u00ea pode atualizar, gerenciar, exportar e excluir essas informa\u00e7\u00f5es. Quem Somos? O endere\u00e7o do nosso site\/blog \u00e9: (\u00a0https:\/\/dannybia.com\/blog\/\u00a0). Somos uma parceria. Dannybia\u2122 (\u00a0https:\/\/dannybia.com\/ )\u00a0na \u00e1rea desde 2001; Virtual Winner ( https:\/\/www.dannybia.com\/winner\/ ) e a Loja Virtual Winner \u2013 A Mais Hype do Braza ( https:\/\/www.dannybia.com\/winner\/loja\/ ) na \u00e1rea desde 2013; Quais s\u00e3o os dados pessoais coletamos e por que? Meios de comunica\u00e7\u00e3o (Media) Se voc\u00ea fizer upload de imagens para o site\/blog, evite enviar as que contenham dados de localiza\u00e7\u00e3o incorporados (EXIF GPS). Visitantes do site\/blog podem baixar estas imagens do site\/blog e extrair delas seus dados de localiza\u00e7\u00e3o. Formul\u00e1rios de contato N\u00f3s comprometemos em n\u00e3o divulgar nenhuma informa\u00e7\u00e3o enviada atrav\u00e9s dos formul\u00e1rios de contato. Mantemos sobre absoluto sigilo os dados dos visitantes que entram em contato com Dannybia\u2122 atrav\u00e9s do formul\u00e1rio de Contato dispon\u00edvel no site\/blog, caso haja. Informa\u00e7\u00f5es de contato Utilize os e-mails abaixo para se comunicar com: dannybia@dannybia.com: Dannybia\u2122. winner@dannybia.com: Winner \u2013 Loja Virtual Winner. danny@dannybia.com: Blog Dannybia. Coment\u00e1rios Quando os visitantes deixam coment\u00e1rios no site\/blog, coletamos os dados exibidos no formul\u00e1rio de coment\u00e1rios, al\u00e9m do endere\u00e7o de IP e de dados do navegador do visitante, para auxiliar na detec\u00e7\u00e3o de spam. Uma string anonimizada criada a partir do seu endere\u00e7o de e-mail (tamb\u00e9m chamado de hash) pode ser fornecida ao servi\u00e7o Gravatar para ver se voc\u00ea est\u00e1 usando. Ap\u00f3s a aprova\u00e7\u00e3o do seu coment\u00e1rio, a foto do seu perfil ficar\u00e1 vis\u00edvel para o p\u00fablico no contexto do seu coment\u00e1rio. Cookies Se voc\u00ea deixar um coment\u00e1rio em nosso site\/blog, voc\u00ea pode optar por salvar seu nome, endere\u00e7o de e-mail e site\/bog em cookies. Estes s\u00e3o para sua conveni\u00eancia, para que voc\u00ea n\u00e3o precise preencher seus dados novamente quando deixar outro coment\u00e1rio. Esses cookies durar\u00e3o um ano. Se voc\u00ea tiver uma conta e fizer login neste site\/blog, definiremos um cookie tempor\u00e1rio para determinar se seu navegador aceita cookies. Este cookie n\u00e3o cont\u00e9m dados pessoais e \u00e9 descartado quando voc\u00ea fecha o navegador. Quando voc\u00ea fizer login, tamb\u00e9m configuraremos v\u00e1rios cookies para salvar suas informa\u00e7\u00f5es de login e suas op\u00e7\u00f5es de exibi\u00e7\u00e3o na tela. Os cookies de login duram dois dias e os cookies de op\u00e7\u00f5es de tela duram um ano. Se voc\u00ea selecionar \u201cLembrar de Mim\u201d, seu login persistir\u00e1 por duas semanas. Se voc\u00ea sair da sua conta, os cookies de login ser\u00e3o removidos. Se voc\u00ea editar ou publicar um artigo, um cookie adicional ser\u00e1 salvo no seu navegador. Este cookie n\u00e3o inclui dados pessoais e simplesmente indica o ID do post que voc\u00ea acabou de editar. Expira ap\u00f3s 1 dia. M\u00eddia incorporada de outros sites Artigos neste site\/blog podem incluir conte\u00fado incorporado como, por exemplo, v\u00eddeos, imagens, artigos, etc. Conte\u00fados incorporados de outros sites\/lojas\/blogs se comportam exatamente da mesma forma como se o visitante estivesse visitando o outro site\/loja\/blog. Estes sites\/lojas\/blogs podem coletar dados sobre voc\u00ea, usar cookies, incorporar rastreamento adicionar de terceiros e monitorar sua intera\u00e7\u00e3o com este conte\u00fado incorporado, incluindo sua intera\u00e7\u00e3o com o conte\u00fado incorporado se voc\u00ea tem uma conta e est\u00e1 conectado com o site\/blog. An\u00e1lises Os dados obtidos a partir das ferramentas de an\u00e1lises instaladas no site\/blog s\u00e3o utilizados para conhecer melhor o perfil dos usu\u00e1rios que acessam o site\/blog e atrav\u00e9s das an\u00e1lises a partir dessas informa\u00e7\u00f5es, s\u00e3o elaboradas estrat\u00e9gias para aperfei\u00e7oar a experi\u00eancia do usu\u00e1rio. Com quem partilhamos seus dados? Todas as informa\u00e7\u00f5es coletadas atrav\u00e9s dos acessos do nosso site\/blog n\u00e3o s\u00e3o compartilhadas em nenhum canal. Portanto, toda a informa\u00e7\u00e3o \u00e9 mantida unicamente no banco de dados Dannybia\u2122. Por quanto tempo mantemos os seus dados? Se voc\u00ea deixar um coment\u00e1rio, o coment\u00e1rio e os seus metadados s\u00e3o conservados indefinidamente. Fazemos isso para que seja poss\u00edvel reconhecer e aprovar automaticamente qualquer coment\u00e1rio posterior ao inv\u00e9s de ret\u00ea-lo para modera\u00e7\u00e3o. Para usu\u00e1rios que se registram no nosso site\/blog (se houver), tamb\u00e9m guardamos as informa\u00e7\u00f5es pessoais que fornecem no seu perfil de usu\u00e1rio. Todos os usu\u00e1rios podem ver, editar ou excluir suas informa\u00e7\u00f5es pessoais a qualquer momento (s\u00f3 n\u00e3o \u00e9 poss\u00edvel alterar o seu username). Os administradores de sites\/lojas\/blogs tamb\u00e9m podem ver e editar estas informa\u00e7\u00f5es. Quais os seus direitos sobre seus dados? Se voc\u00ea tiver uma conta neste site\/blog ou se tiver deixado coment\u00e1rios, podem solicitar um arquivo exportado dos dados pessoais que mantemos sobre voc\u00ea, inclusive quaisquer dados que nos tenha fornecido. Tamb\u00e9m pode solicitar que removamos qualquer dado pessoal que mantemos sobre voc\u00ea. Isto n\u00e3o inclui nenhuns dados que somos obrigados a manter para prop\u00f3sitos administrativos, legais ou de seguran\u00e7a. Para onde enviamos seus dados? Coment\u00e1rios de visitantes podem ser marcados por um servi\u00e7o autom\u00e1tico de detec\u00e7\u00e3o de spam. Os dados obtidos a partir das ferramentas de an\u00e1lises instaladas no site\/blog s\u00e3o utilizados para conhecer melhor o perfil dos usu\u00e1rios que acessam o site\/blog e atrav\u00e9s das an\u00e1lises a partir dessas informa\u00e7\u00f5es, s\u00e3o elaboradas estrat\u00e9gias para aperfei\u00e7oar a experi\u00eancia do usu\u00e1rio.<\/p>\n","protected":false},"author":1,"featured_media":0,"parent":0,"menu_order":0,"comment_status":"closed","ping_status":"open","template":"","meta":{"footnotes":""},"class_list":["post-3","page","type-page","status-publish","hentry"],"_links":{"self":[{"href":"https:\/\/dannybia.com\/dannys\/wp-json\/wp\/v2\/pages\/3","targetHints":{"allow":["GET"]}}],"collection":[{"href":"https:\/\/dannybia.com\/dannys\/wp-json\/wp\/v2\/pages"}],"about":[{"href":"https:\/\/dannybia.com\/dannys\/wp-json\/wp\/v2\/types\/page"}],"author":[{"embeddable":true,"href":"https:\/\/dannybia.com\/dannys\/wp-json\/wp\/v2\/users\/1"}],"replies":[{"embeddable":true,"href":"https:\/\/dannybia.com\/dannys\/wp-json\/wp\/v2\/comments?post=3"}],"version-history":[{"count":0,"href":"https:\/\/dannybia.com\/dannys\/wp-json\/wp\/v2\/pages\/3\/revisions"}],"wp:attachment":[{"href":"https:\/\/dannybia.com\/dannys\/wp-json\/wp\/v2\/media?parent=3"}],"curies":[{"name":"wp","href":"https:\/\/api.w.org\/{rel}","templated":true}]}}